{"id":1837,"date":"2022-03-22T10:59:47","date_gmt":"2022-03-22T09:59:47","guid":{"rendered":"https:\/\/reartvallee.fr\/actualites\/"},"modified":"2022-04-06T08:25:40","modified_gmt":"2022-04-06T07:25:40","slug":"noticias","status":"publish","type":"page","link":"https:\/\/reartvallee.fr\/es\/noticias\/","title":{"rendered":"Noticias"},"content":{"rendered":"","protected":false},"excerpt":{"rendered":"","protected":false},"author":1,"featured_media":1793,"parent":0,"menu_order":0,"comment_status":"closed","ping_status":"closed","template":"","meta":{"_acf_changed":false,"_et_pb_use_builder":"","_et_pb_old_content":"","_et_gb_content_width":"","footnotes":""},"class_list":["post-1837","page","type-page","status-publish","has-post-thumbnail","hentry"],"acf":[],"yoast_head":"<!-- This site is optimized with the Yoast SEO plugin v27.4 - https:\/\/yoast.com\/product\/yoast-seo-wordpress\/ -->\n<title>Noticias - R\u00e9art Vall\u00e9e<\/title>\n<meta name=\"robots\" content=\"index, follow, max-snippet:-1, max-image-preview:large, max-video-preview:-1\" \/>\n<link rel=\"canonical\" href=\"https:\/\/reartvallee.fr\/es\/noticias\/\" \/>\n<meta property=\"og:locale\" content=\"es_ES\" \/>\n<meta property=\"og:type\" content=\"article\" \/>\n<meta property=\"og:title\" content=\"Noticias - R\u00e9art Vall\u00e9e\" \/>\n<meta property=\"og:site_name\" content=\"R\u00e9art Vall\u00e9e\" \/>\n<meta property=\"article:publisher\" content=\"https:\/\/www.facebook.com\/Reart-Valle-229072180914152\/\" \/>\n<meta property=\"article:modified_time\" content=\"2022-04-06T07:25:40+00:00\" \/>\n<meta property=\"og:image\" content=\"https:\/\/reartvallee.fr\/wp-content\/uploads\/2022\/03\/DSCN1456.jpeg\" \/>\n\t<meta property=\"og:image:width\" content=\"2288\" \/>\n\t<meta property=\"og:image:height\" content=\"1712\" \/>\n\t<meta property=\"og:image:type\" content=\"image\/jpeg\" \/>\n<meta name=\"twitter:card\" content=\"summary_large_image\" \/>\n<meta name=\"twitter:site\" content=\"@Reart_Vallee\" \/>\n<script type=\"application\/ld+json\" class=\"yoast-schema-graph\">{\"@context\":\"https:\\\/\\\/schema.org\",\"@graph\":[{\"@type\":\"WebPage\",\"@id\":\"https:\\\/\\\/reartvallee.fr\\\/es\\\/noticias\\\/\",\"url\":\"https:\\\/\\\/reartvallee.fr\\\/es\\\/noticias\\\/\",\"name\":\"Noticias - R\u00e9art Vall\u00e9e\",\"isPartOf\":{\"@id\":\"https:\\\/\\\/reartvallee.fr\\\/es\\\/#website\"},\"primaryImageOfPage\":{\"@id\":\"https:\\\/\\\/reartvallee.fr\\\/es\\\/noticias\\\/#primaryimage\"},\"image\":{\"@id\":\"https:\\\/\\\/reartvallee.fr\\\/es\\\/noticias\\\/#primaryimage\"},\"thumbnailUrl\":\"https:\\\/\\\/reartvallee.fr\\\/wp-content\\\/uploads\\\/2022\\\/03\\\/DSCN1456.jpeg\",\"datePublished\":\"2022-03-22T09:59:47+00:00\",\"dateModified\":\"2022-04-06T07:25:40+00:00\",\"breadcrumb\":{\"@id\":\"https:\\\/\\\/reartvallee.fr\\\/es\\\/noticias\\\/#breadcrumb\"},\"inLanguage\":\"es\",\"potentialAction\":[{\"@type\":\"ReadAction\",\"target\":[\"https:\\\/\\\/reartvallee.fr\\\/es\\\/noticias\\\/\"]}]},{\"@type\":\"ImageObject\",\"inLanguage\":\"es\",\"@id\":\"https:\\\/\\\/reartvallee.fr\\\/es\\\/noticias\\\/#primaryimage\",\"url\":\"https:\\\/\\\/reartvallee.fr\\\/wp-content\\\/uploads\\\/2022\\\/03\\\/DSCN1456.jpeg\",\"contentUrl\":\"https:\\\/\\\/reartvallee.fr\\\/wp-content\\\/uploads\\\/2022\\\/03\\\/DSCN1456.jpeg\",\"width\":2288,\"height\":1712},{\"@type\":\"BreadcrumbList\",\"@id\":\"https:\\\/\\\/reartvallee.fr\\\/es\\\/noticias\\\/#breadcrumb\",\"itemListElement\":[{\"@type\":\"ListItem\",\"position\":1,\"name\":\"Accueil\",\"item\":\"https:\\\/\\\/reartvallee.fr\\\/es\\\/accueil\\\/\"},{\"@type\":\"ListItem\",\"position\":2,\"name\":\"Noticias\"}]},{\"@type\":\"WebSite\",\"@id\":\"https:\\\/\\\/reartvallee.fr\\\/es\\\/#website\",\"url\":\"https:\\\/\\\/reartvallee.fr\\\/es\\\/\",\"name\":\"R\u00e9art Vall\u00e9e\",\"description\":\"Au coeur du Roussillon, entre mer M\u00e9diterran\u00e9e et Pyr\u00e9n\u00e9es, notre exploitation familiale est sp\u00e9cialis\u00e9e dans la culture des fruits d&#039;\u00e9t\u00e9 (p\u00eaches, nectarines, abricots, cerises, raisins de table, pommes pr\u00e9coces).\",\"publisher\":{\"@id\":\"https:\\\/\\\/reartvallee.fr\\\/es\\\/#organization\"},\"potentialAction\":[{\"@type\":\"SearchAction\",\"target\":{\"@type\":\"EntryPoint\",\"urlTemplate\":\"https:\\\/\\\/reartvallee.fr\\\/es\\\/?s={search_term_string}\"},\"query-input\":{\"@type\":\"PropertyValueSpecification\",\"valueRequired\":true,\"valueName\":\"search_term_string\"}}],\"inLanguage\":\"es\"},{\"@type\":\"Organization\",\"@id\":\"https:\\\/\\\/reartvallee.fr\\\/es\\\/#organization\",\"name\":\"R\u00e9art Vall\u00e9e\",\"url\":\"https:\\\/\\\/reartvallee.fr\\\/es\\\/\",\"logo\":{\"@type\":\"ImageObject\",\"inLanguage\":\"es\",\"@id\":\"https:\\\/\\\/reartvallee.fr\\\/es\\\/#\\\/schema\\\/logo\\\/image\\\/\",\"url\":\"https:\\\/\\\/reartvallee.fr\\\/wp-content\\\/uploads\\\/2022\\\/03\\\/logo.png\",\"contentUrl\":\"https:\\\/\\\/reartvallee.fr\\\/wp-content\\\/uploads\\\/2022\\\/03\\\/logo.png\",\"width\":308,\"height\":74,\"caption\":\"R\u00e9art Vall\u00e9e\"},\"image\":{\"@id\":\"https:\\\/\\\/reartvallee.fr\\\/es\\\/#\\\/schema\\\/logo\\\/image\\\/\"},\"sameAs\":[\"https:\\\/\\\/www.facebook.com\\\/Reart-Valle-229072180914152\\\/\",\"https:\\\/\\\/x.com\\\/Reart_Vallee\",\"https:\\\/\\\/www.linkedin.com\\\/company\\\/reartvallee\"]}]}<\/script>\n<!-- \/ Yoast SEO plugin. -->","yoast_head_json":{"title":"Noticias - R\u00e9art Vall\u00e9e","robots":{"index":"index","follow":"follow","max-snippet":"max-snippet:-1","max-image-preview":"max-image-preview:large","max-video-preview":"max-video-preview:-1"},"canonical":"https:\/\/reartvallee.fr\/es\/noticias\/","og_locale":"es_ES","og_type":"article","og_title":"Noticias - R\u00e9art Vall\u00e9e","og_site_name":"R\u00e9art Vall\u00e9e","article_publisher":"https:\/\/www.facebook.com\/Reart-Valle-229072180914152\/","article_modified_time":"2022-04-06T07:25:40+00:00","og_image":[{"width":2288,"height":1712,"url":"https:\/\/reartvallee.fr\/wp-content\/uploads\/2022\/03\/DSCN1456.jpeg","type":"image\/jpeg"}],"twitter_card":"summary_large_image","twitter_site":"@Reart_Vallee","schema":{"@context":"https:\/\/schema.org","@graph":[{"@type":"WebPage","@id":"https:\/\/reartvallee.fr\/es\/noticias\/","url":"https:\/\/reartvallee.fr\/es\/noticias\/","name":"Noticias - R\u00e9art Vall\u00e9e","isPartOf":{"@id":"https:\/\/reartvallee.fr\/es\/#website"},"primaryImageOfPage":{"@id":"https:\/\/reartvallee.fr\/es\/noticias\/#primaryimage"},"image":{"@id":"https:\/\/reartvallee.fr\/es\/noticias\/#primaryimage"},"thumbnailUrl":"https:\/\/reartvallee.fr\/wp-content\/uploads\/2022\/03\/DSCN1456.jpeg","datePublished":"2022-03-22T09:59:47+00:00","dateModified":"2022-04-06T07:25:40+00:00","breadcrumb":{"@id":"https:\/\/reartvallee.fr\/es\/noticias\/#breadcrumb"},"inLanguage":"es","potentialAction":[{"@type":"ReadAction","target":["https:\/\/reartvallee.fr\/es\/noticias\/"]}]},{"@type":"ImageObject","inLanguage":"es","@id":"https:\/\/reartvallee.fr\/es\/noticias\/#primaryimage","url":"https:\/\/reartvallee.fr\/wp-content\/uploads\/2022\/03\/DSCN1456.jpeg","contentUrl":"https:\/\/reartvallee.fr\/wp-content\/uploads\/2022\/03\/DSCN1456.jpeg","width":2288,"height":1712},{"@type":"BreadcrumbList","@id":"https:\/\/reartvallee.fr\/es\/noticias\/#breadcrumb","itemListElement":[{"@type":"ListItem","position":1,"name":"Accueil","item":"https:\/\/reartvallee.fr\/es\/accueil\/"},{"@type":"ListItem","position":2,"name":"Noticias"}]},{"@type":"WebSite","@id":"https:\/\/reartvallee.fr\/es\/#website","url":"https:\/\/reartvallee.fr\/es\/","name":"R\u00e9art Vall\u00e9e","description":"Au coeur du Roussillon, entre mer M\u00e9diterran\u00e9e et Pyr\u00e9n\u00e9es, notre exploitation familiale est sp\u00e9cialis\u00e9e dans la culture des fruits d&#039;\u00e9t\u00e9 (p\u00eaches, nectarines, abricots, cerises, raisins de table, pommes pr\u00e9coces).","publisher":{"@id":"https:\/\/reartvallee.fr\/es\/#organization"},"potentialAction":[{"@type":"SearchAction","target":{"@type":"EntryPoint","urlTemplate":"https:\/\/reartvallee.fr\/es\/?s={search_term_string}"},"query-input":{"@type":"PropertyValueSpecification","valueRequired":true,"valueName":"search_term_string"}}],"inLanguage":"es"},{"@type":"Organization","@id":"https:\/\/reartvallee.fr\/es\/#organization","name":"R\u00e9art Vall\u00e9e","url":"https:\/\/reartvallee.fr\/es\/","logo":{"@type":"ImageObject","inLanguage":"es","@id":"https:\/\/reartvallee.fr\/es\/#\/schema\/logo\/image\/","url":"https:\/\/reartvallee.fr\/wp-content\/uploads\/2022\/03\/logo.png","contentUrl":"https:\/\/reartvallee.fr\/wp-content\/uploads\/2022\/03\/logo.png","width":308,"height":74,"caption":"R\u00e9art Vall\u00e9e"},"image":{"@id":"https:\/\/reartvallee.fr\/es\/#\/schema\/logo\/image\/"},"sameAs":["https:\/\/www.facebook.com\/Reart-Valle-229072180914152\/","https:\/\/x.com\/Reart_Vallee","https:\/\/www.linkedin.com\/company\/reartvallee"]}]}},"_links":{"self":[{"href":"https:\/\/reartvallee.fr\/es\/wp-json\/wp\/v2\/pages\/1837","targetHints":{"allow":["GET"]}}],"collection":[{"href":"https:\/\/reartvallee.fr\/es\/wp-json\/wp\/v2\/pages"}],"about":[{"href":"https:\/\/reartvallee.fr\/es\/wp-json\/wp\/v2\/types\/page"}],"author":[{"embeddable":true,"href":"https:\/\/reartvallee.fr\/es\/wp-json\/wp\/v2\/users\/1"}],"replies":[{"embeddable":true,"href":"https:\/\/reartvallee.fr\/es\/wp-json\/wp\/v2\/comments?post=1837"}],"version-history":[{"count":0,"href":"https:\/\/reartvallee.fr\/es\/wp-json\/wp\/v2\/pages\/1837\/revisions"}],"wp:featuredmedia":[{"embeddable":true,"href":"https:\/\/reartvallee.fr\/es\/wp-json\/wp\/v2\/media\/1793"}],"wp:attachment":[{"href":"https:\/\/reartvallee.fr\/es\/wp-json\/wp\/v2\/media?parent=1837"}],"curies":[{"name":"wp","href":"https:\/\/api.w.org\/{rel}","templated":true}]}}