{"id":1840,"date":"2022-03-22T10:59:12","date_gmt":"2022-03-22T09:59:12","guid":{"rendered":"https:\/\/reartvallee.fr\/activites\/"},"modified":"2022-04-06T08:20:59","modified_gmt":"2022-04-06T07:20:59","slug":"las-actividades","status":"publish","type":"page","link":"https:\/\/reartvallee.fr\/es\/las-actividades\/","title":{"rendered":"Las actividades"},"content":{"rendered":"<p><img loading=\"lazy\" decoding=\"async\" class=\"wp-image-1390 alignleft\" src=\"\/wp-content\/uploads\/2022\/03\/activites_01.jpeg\" alt=\"\" width=\"351\" height=\"234\" \/><\/p>\n<p>Ante todo somos unos productores, nuestra huerta se extiende sobre 530 hect\u00e1reas, repartidas en tres plantas de \u00a0producci\u00f3n bien distintas afin de limitar los riesgos debidos al hielo, al granizo, para poder siempre atender a nuestros \u00a0clientes.<\/p>\n<p>La huerta de melocotones y de nectarinas es la m\u00e1s extensa con 400 hect\u00e1reas. Consta de una huerta experimental de \u00a010 \u00a0hect\u00e1reas de invernaderos de vidrio y fotovolt\u00e1icos que nos permiten producir unos melocotones \u00abOrigine France\u00bb \u00a0desde el \u00a0mes de abril. Esta precocidad contribuye al desarrollo de los modos de consumo y de producci\u00f3n sostenible.<\/p>\n<p>\u00bfPara qu\u00e9 ir a buscar fuera la fruta del verano cuando podemos producirla aqu\u00ed? Ha nacido una nueva marca: \u00ab1\u00e8re Dame de France\u00bb.<\/p>\n<p>Los albaricoqueros cultivo en pleno desarollo ofrecen toda una gama moderna y gustativa sobre un centenar de hect\u00e1reas.<\/p>\n<p>La huerta de cerezos incluye una decena de hect\u00e1reas de nuevas variedades de calibre gordo, resistentes a los bioagresores y a las inclemencias.<\/p>\n<p>Producimos uvas de mesas y manzanas en menores cantidades y se dirigen m\u00e1s a la venta local.<\/p>\n<p>&nbsp;<\/p>\n<div style=\"margin: auto; text-align: center;\"><img loading=\"lazy\" decoding=\"async\" class=\" wp-image-1389\" src=\"\/wp-content\/uploads\/2022\/03\/activites_02.jpeg\" alt=\"\" width=\"495\" height=\"330\" \/> <img loading=\"lazy\" decoding=\"async\" class=\" wp-image-1388\" src=\"\/wp-content\/uploads\/2022\/03\/activites_03.jpeg\" alt=\"\" width=\"495\" height=\"330\" \/> <img loading=\"lazy\" decoding=\"async\" class=\" wp-image-1387\" src=\"\/wp-content\/uploads\/2022\/03\/activites_04.jpeg\" alt=\"\" width=\"494\" height=\"330\" \/> <img loading=\"lazy\" decoding=\"async\" class=\" wp-image-1386\" src=\"\/wp-content\/uploads\/2022\/03\/activites_05.jpeg\" alt=\"\" width=\"493\" height=\"329\" \/><\/div>\n<p>&nbsp;<\/p>\n<blockquote>\n<p class=\"mise_avant_texte\">Por fin, para perenizar la empresa y fidelizar la mano de obra hemos desarrollado una actividad de negocio.\u00a0Hoy, R\u00e9art Vall\u00e9e vende 3 millones de matas de ensalada, 1 mill\u00f3n de alcachofas y 15 000 pies de apio por a\u00f1o.<\/p>\n<\/blockquote>\n","protected":false},"excerpt":{"rendered":"<p>Ante todo somos unos productores, nuestra huerta se extiende sobre 530 hect\u00e1reas, repartidas en tres plantas de \u00a0producci\u00f3n bien distintas afin de limitar los riesgos debidos al hielo, al granizo, para poder siempre atender a nuestros \u00a0clientes. La huerta de melocotones y de nectarinas es la m\u00e1s extensa con 400 hect\u00e1reas. Consta de una huerta [&hellip;]<\/p>\n","protected":false},"author":1,"featured_media":1805,"parent":0,"menu_order":0,"comment_status":"closed","ping_status":"closed","template":"","meta":{"_acf_changed":false,"_et_pb_use_builder":"","_et_pb_old_content":"","_et_gb_content_width":"","footnotes":""},"class_list":["post-1840","page","type-page","status-publish","has-post-thumbnail","hentry"],"acf":[],"yoast_head":"<!-- This site is optimized with the Yoast SEO plugin v27.5 - https:\/\/yoast.com\/product\/yoast-seo-wordpress\/ -->\n<title>Las actividades - R\u00e9art Vall\u00e9e<\/title>\n<meta name=\"robots\" content=\"index, follow, max-snippet:-1, max-image-preview:large, max-video-preview:-1\" \/>\n<link rel=\"canonical\" href=\"https:\/\/reartvallee.fr\/es\/las-actividades\/\" \/>\n<meta property=\"og:locale\" content=\"es_ES\" \/>\n<meta property=\"og:type\" content=\"article\" \/>\n<meta property=\"og:title\" content=\"Las actividades - R\u00e9art Vall\u00e9e\" \/>\n<meta property=\"og:description\" content=\"Ante todo somos unos productores, nuestra huerta se extiende sobre 530 hect\u00e1reas, repartidas en tres plantas de \u00a0producci\u00f3n bien distintas afin de limitar los riesgos debidos al hielo, al granizo, para poder siempre atender a nuestros \u00a0clientes. La huerta de melocotones y de nectarinas es la m\u00e1s extensa con 400 hect\u00e1reas. Consta de una huerta [&hellip;]\" \/>\n<meta property=\"og:site_name\" content=\"R\u00e9art Vall\u00e9e\" \/>\n<meta property=\"article:publisher\" content=\"https:\/\/www.facebook.com\/Reart-Valle-229072180914152\/\" \/>\n<meta property=\"article:modified_time\" content=\"2022-04-06T07:20:59+00:00\" \/>\n<meta property=\"og:image\" content=\"https:\/\/reartvallee.fr\/wp-content\/uploads\/2022\/03\/banniere_activites_v2.jpeg\" \/>\n\t<meta property=\"og:image:width\" content=\"1023\" \/>\n\t<meta property=\"og:image:height\" content=\"623\" \/>\n\t<meta property=\"og:image:type\" content=\"image\/jpeg\" \/>\n<meta name=\"twitter:card\" content=\"summary_large_image\" \/>\n<meta name=\"twitter:site\" content=\"@Reart_Vallee\" \/>\n<script type=\"application\/ld+json\" class=\"yoast-schema-graph\">{\"@context\":\"https:\\\/\\\/schema.org\",\"@graph\":[{\"@type\":\"WebPage\",\"@id\":\"https:\\\/\\\/reartvallee.fr\\\/es\\\/las-actividades\\\/\",\"url\":\"https:\\\/\\\/reartvallee.fr\\\/es\\\/las-actividades\\\/\",\"name\":\"Las actividades - R\u00e9art Vall\u00e9e\",\"isPartOf\":{\"@id\":\"https:\\\/\\\/reartvallee.fr\\\/es\\\/#website\"},\"primaryImageOfPage\":{\"@id\":\"https:\\\/\\\/reartvallee.fr\\\/es\\\/las-actividades\\\/#primaryimage\"},\"image\":{\"@id\":\"https:\\\/\\\/reartvallee.fr\\\/es\\\/las-actividades\\\/#primaryimage\"},\"thumbnailUrl\":\"https:\\\/\\\/reartvallee.fr\\\/wp-content\\\/uploads\\\/2022\\\/03\\\/banniere_activites_v2.jpeg\",\"datePublished\":\"2022-03-22T09:59:12+00:00\",\"dateModified\":\"2022-04-06T07:20:59+00:00\",\"breadcrumb\":{\"@id\":\"https:\\\/\\\/reartvallee.fr\\\/es\\\/las-actividades\\\/#breadcrumb\"},\"inLanguage\":\"es\",\"potentialAction\":[{\"@type\":\"ReadAction\",\"target\":[\"https:\\\/\\\/reartvallee.fr\\\/es\\\/las-actividades\\\/\"]}]},{\"@type\":\"ImageObject\",\"inLanguage\":\"es\",\"@id\":\"https:\\\/\\\/reartvallee.fr\\\/es\\\/las-actividades\\\/#primaryimage\",\"url\":\"https:\\\/\\\/reartvallee.fr\\\/wp-content\\\/uploads\\\/2022\\\/03\\\/banniere_activites_v2.jpeg\",\"contentUrl\":\"https:\\\/\\\/reartvallee.fr\\\/wp-content\\\/uploads\\\/2022\\\/03\\\/banniere_activites_v2.jpeg\",\"width\":1023,\"height\":623},{\"@type\":\"BreadcrumbList\",\"@id\":\"https:\\\/\\\/reartvallee.fr\\\/es\\\/las-actividades\\\/#breadcrumb\",\"itemListElement\":[{\"@type\":\"ListItem\",\"position\":1,\"name\":\"Accueil\",\"item\":\"https:\\\/\\\/reartvallee.fr\\\/es\\\/accueil\\\/\"},{\"@type\":\"ListItem\",\"position\":2,\"name\":\"Las actividades\"}]},{\"@type\":\"WebSite\",\"@id\":\"https:\\\/\\\/reartvallee.fr\\\/es\\\/#website\",\"url\":\"https:\\\/\\\/reartvallee.fr\\\/es\\\/\",\"name\":\"R\u00e9art Vall\u00e9e\",\"description\":\"Au coeur du Roussillon, entre mer M\u00e9diterran\u00e9e et Pyr\u00e9n\u00e9es, notre exploitation familiale est sp\u00e9cialis\u00e9e dans la culture des fruits d&#039;\u00e9t\u00e9 (p\u00eaches, nectarines, abricots, cerises, raisins de table, pommes pr\u00e9coces).\",\"publisher\":{\"@id\":\"https:\\\/\\\/reartvallee.fr\\\/es\\\/#organization\"},\"potentialAction\":[{\"@type\":\"SearchAction\",\"target\":{\"@type\":\"EntryPoint\",\"urlTemplate\":\"https:\\\/\\\/reartvallee.fr\\\/es\\\/?s={search_term_string}\"},\"query-input\":{\"@type\":\"PropertyValueSpecification\",\"valueRequired\":true,\"valueName\":\"search_term_string\"}}],\"inLanguage\":\"es\"},{\"@type\":\"Organization\",\"@id\":\"https:\\\/\\\/reartvallee.fr\\\/es\\\/#organization\",\"name\":\"R\u00e9art Vall\u00e9e\",\"url\":\"https:\\\/\\\/reartvallee.fr\\\/es\\\/\",\"logo\":{\"@type\":\"ImageObject\",\"inLanguage\":\"es\",\"@id\":\"https:\\\/\\\/reartvallee.fr\\\/es\\\/#\\\/schema\\\/logo\\\/image\\\/\",\"url\":\"https:\\\/\\\/reartvallee.fr\\\/wp-content\\\/uploads\\\/2022\\\/03\\\/logo.png\",\"contentUrl\":\"https:\\\/\\\/reartvallee.fr\\\/wp-content\\\/uploads\\\/2022\\\/03\\\/logo.png\",\"width\":308,\"height\":74,\"caption\":\"R\u00e9art Vall\u00e9e\"},\"image\":{\"@id\":\"https:\\\/\\\/reartvallee.fr\\\/es\\\/#\\\/schema\\\/logo\\\/image\\\/\"},\"sameAs\":[\"https:\\\/\\\/www.facebook.com\\\/Reart-Valle-229072180914152\\\/\",\"https:\\\/\\\/x.com\\\/Reart_Vallee\",\"https:\\\/\\\/www.linkedin.com\\\/company\\\/reartvallee\"]}]}<\/script>\n<!-- \/ Yoast SEO plugin. -->","yoast_head_json":{"title":"Las actividades - R\u00e9art Vall\u00e9e","robots":{"index":"index","follow":"follow","max-snippet":"max-snippet:-1","max-image-preview":"max-image-preview:large","max-video-preview":"max-video-preview:-1"},"canonical":"https:\/\/reartvallee.fr\/es\/las-actividades\/","og_locale":"es_ES","og_type":"article","og_title":"Las actividades - R\u00e9art Vall\u00e9e","og_description":"Ante todo somos unos productores, nuestra huerta se extiende sobre 530 hect\u00e1reas, repartidas en tres plantas de \u00a0producci\u00f3n bien distintas afin de limitar los riesgos debidos al hielo, al granizo, para poder siempre atender a nuestros \u00a0clientes. La huerta de melocotones y de nectarinas es la m\u00e1s extensa con 400 hect\u00e1reas. Consta de una huerta [&hellip;]","og_site_name":"R\u00e9art Vall\u00e9e","article_publisher":"https:\/\/www.facebook.com\/Reart-Valle-229072180914152\/","article_modified_time":"2022-04-06T07:20:59+00:00","og_image":[{"width":1023,"height":623,"url":"https:\/\/reartvallee.fr\/wp-content\/uploads\/2022\/03\/banniere_activites_v2.jpeg","type":"image\/jpeg"}],"twitter_card":"summary_large_image","twitter_site":"@Reart_Vallee","schema":{"@context":"https:\/\/schema.org","@graph":[{"@type":"WebPage","@id":"https:\/\/reartvallee.fr\/es\/las-actividades\/","url":"https:\/\/reartvallee.fr\/es\/las-actividades\/","name":"Las actividades - R\u00e9art Vall\u00e9e","isPartOf":{"@id":"https:\/\/reartvallee.fr\/es\/#website"},"primaryImageOfPage":{"@id":"https:\/\/reartvallee.fr\/es\/las-actividades\/#primaryimage"},"image":{"@id":"https:\/\/reartvallee.fr\/es\/las-actividades\/#primaryimage"},"thumbnailUrl":"https:\/\/reartvallee.fr\/wp-content\/uploads\/2022\/03\/banniere_activites_v2.jpeg","datePublished":"2022-03-22T09:59:12+00:00","dateModified":"2022-04-06T07:20:59+00:00","breadcrumb":{"@id":"https:\/\/reartvallee.fr\/es\/las-actividades\/#breadcrumb"},"inLanguage":"es","potentialAction":[{"@type":"ReadAction","target":["https:\/\/reartvallee.fr\/es\/las-actividades\/"]}]},{"@type":"ImageObject","inLanguage":"es","@id":"https:\/\/reartvallee.fr\/es\/las-actividades\/#primaryimage","url":"https:\/\/reartvallee.fr\/wp-content\/uploads\/2022\/03\/banniere_activites_v2.jpeg","contentUrl":"https:\/\/reartvallee.fr\/wp-content\/uploads\/2022\/03\/banniere_activites_v2.jpeg","width":1023,"height":623},{"@type":"BreadcrumbList","@id":"https:\/\/reartvallee.fr\/es\/las-actividades\/#breadcrumb","itemListElement":[{"@type":"ListItem","position":1,"name":"Accueil","item":"https:\/\/reartvallee.fr\/es\/accueil\/"},{"@type":"ListItem","position":2,"name":"Las actividades"}]},{"@type":"WebSite","@id":"https:\/\/reartvallee.fr\/es\/#website","url":"https:\/\/reartvallee.fr\/es\/","name":"R\u00e9art Vall\u00e9e","description":"Au coeur du Roussillon, entre mer M\u00e9diterran\u00e9e et Pyr\u00e9n\u00e9es, notre exploitation familiale est sp\u00e9cialis\u00e9e dans la culture des fruits d&#039;\u00e9t\u00e9 (p\u00eaches, nectarines, abricots, cerises, raisins de table, pommes pr\u00e9coces).","publisher":{"@id":"https:\/\/reartvallee.fr\/es\/#organization"},"potentialAction":[{"@type":"SearchAction","target":{"@type":"EntryPoint","urlTemplate":"https:\/\/reartvallee.fr\/es\/?s={search_term_string}"},"query-input":{"@type":"PropertyValueSpecification","valueRequired":true,"valueName":"search_term_string"}}],"inLanguage":"es"},{"@type":"Organization","@id":"https:\/\/reartvallee.fr\/es\/#organization","name":"R\u00e9art Vall\u00e9e","url":"https:\/\/reartvallee.fr\/es\/","logo":{"@type":"ImageObject","inLanguage":"es","@id":"https:\/\/reartvallee.fr\/es\/#\/schema\/logo\/image\/","url":"https:\/\/reartvallee.fr\/wp-content\/uploads\/2022\/03\/logo.png","contentUrl":"https:\/\/reartvallee.fr\/wp-content\/uploads\/2022\/03\/logo.png","width":308,"height":74,"caption":"R\u00e9art Vall\u00e9e"},"image":{"@id":"https:\/\/reartvallee.fr\/es\/#\/schema\/logo\/image\/"},"sameAs":["https:\/\/www.facebook.com\/Reart-Valle-229072180914152\/","https:\/\/x.com\/Reart_Vallee","https:\/\/www.linkedin.com\/company\/reartvallee"]}]}},"_links":{"self":[{"href":"https:\/\/reartvallee.fr\/es\/wp-json\/wp\/v2\/pages\/1840","targetHints":{"allow":["GET"]}}],"collection":[{"href":"https:\/\/reartvallee.fr\/es\/wp-json\/wp\/v2\/pages"}],"about":[{"href":"https:\/\/reartvallee.fr\/es\/wp-json\/wp\/v2\/types\/page"}],"author":[{"embeddable":true,"href":"https:\/\/reartvallee.fr\/es\/wp-json\/wp\/v2\/users\/1"}],"replies":[{"embeddable":true,"href":"https:\/\/reartvallee.fr\/es\/wp-json\/wp\/v2\/comments?post=1840"}],"version-history":[{"count":0,"href":"https:\/\/reartvallee.fr\/es\/wp-json\/wp\/v2\/pages\/1840\/revisions"}],"wp:featuredmedia":[{"embeddable":true,"href":"https:\/\/reartvallee.fr\/es\/wp-json\/wp\/v2\/media\/1805"}],"wp:attachment":[{"href":"https:\/\/reartvallee.fr\/es\/wp-json\/wp\/v2\/media?parent=1840"}],"curies":[{"name":"wp","href":"https:\/\/api.w.org\/{rel}","templated":true}]}}